{"id":2,"date":"2018-06-19T12:18:36","date_gmt":"2018-06-19T10:18:36","guid":{"rendered":"https:\/\/maquettes.oxicat.com\/live-scores\/?page_id=2"},"modified":"2018-07-20T02:44:59","modified_gmt":"2018-07-20T00:44:59","slug":"tennis-live-scores","status":"publish","type":"page","link":"https:\/\/demo.oxicat.com\/tennis-live-scores\/","title":{"rendered":"Tennis Live Scores"},"content":{"rendered":"<div class=\"wpb-content-wrapper\"><p>[vc_row margin_top=\u00a0\u00bb-70px\u00a0\u00bb][vc_column][vc_single_image image=\u00a0\u00bb10568&Prime; img_size=\u00a0\u00bbfull\u00a0\u00bb alignment=\u00a0\u00bbcenter\u00a0\u00bb image_hovers=\u00a0\u00bbfalse\u00a0\u00bb][\/vc_column][\/vc_row][vc_row type=\u00a0\u00bb1&Prime; padding_top=\u00a0\u00bb30&Prime; padding_bottom=\u00a0\u00bb30&Prime;][vc_column][vc_column_text]<\/p>\n<h2 style=\"text-align: center;\">Tennis Live Scores est un plugin pour votre site internet sous WordPress qui permet de proposer \u00e0 vos adh\u00e9rents, supporters, joueurs\u2026de suivre en direct les matchs de tennis de votre club.<\/h2>\n<p style=\"text-align: center;\">Particuli\u00e8rement \u00e9tudi\u00e9 pour <strong>suivre en direct les matchs de tennis par \u00e9quipes<\/strong>, <strong>Tennis Live Score<\/strong> peut aussi \u00eatre utilis\u00e9 pour un tournoi en individuel.<\/p>\n<p style=\"text-align: center;\"><strong>Tennis Live Score\u00a0<\/strong>permet de cr\u00e9er des matchs <strong>aussi bien en simple qu\u2019en double<\/strong>.<\/p>\n<p>[\/vc_column_text]<style type=\"text\/css\" data-type=\"the7_shortcodes-inline-css\">#default-btn-77746eda708869f695ef78178508eb6f.ico-right-side > i {\n  margin-right: 0px;\n  margin-left: 8px;\n}\n#default-btn-77746eda708869f695ef78178508eb6f > i {\n  margin-right: 8px;\n}\n<\/style><div class=\"btn-align-center\"><a href=\"https:\/\/demo.oxicat.com\/tennis-live-scores\/live\" class=\"default-btn-shortcode dt-btn dt-btn-l link-hover-off \" id=\"default-btn-77746eda708869f695ef78178508eb6f\"><span>VOIR LA D\u00c9MO<\/span><\/a><\/div>[vc_empty_space]<div class=\"hr-thin style-dotted accent-border-color\" style=\"width: 100%;border-top-width: 3px;\"><\/div>[\/vc_column][\/vc_row][vc_row type=\u00a0\u00bb1&Prime; padding_top=\u00a0\u00bb30&Prime; padding_bottom=\u00a0\u00bb30&Prime;][vc_column][vc_column_text]<\/p>\n<p style=\"text-align: center;\"><strong><span style=\"font-size: 28pt;\">Une interface claire et lisible !<\/span><\/strong><\/p>\n<p>[\/vc_column_text][vc_single_image image=\u00a0\u00bb10572&Prime; img_size=\u00a0\u00bbfull\u00a0\u00bb alignment=\u00a0\u00bbcenter\u00a0\u00bb onclick=\u00a0\u00bblink_image\u00a0\u00bb image_hovers=\u00a0\u00bbfalse\u00a0\u00bb]<style type=\"text\/css\" data-type=\"the7_shortcodes-inline-css\">#default-btn-77746eda708869f695ef78178508eb6f.ico-right-side > i {\n  margin-right: 0px;\n  margin-left: 8px;\n}\n#default-btn-77746eda708869f695ef78178508eb6f > i {\n  margin-right: 8px;\n}\n<\/style><div class=\"btn-align-center\"><a href=\"https:\/\/demo.oxicat.com\/tennis-live-scores\/live\" class=\"default-btn-shortcode dt-btn dt-btn-l link-hover-off \" id=\"default-btn-77746eda708869f695ef78178508eb6f\"><span>VOIR LA D\u00c9MO<\/span><\/a><\/div>[vc_empty_space]<div class=\"hr-thin style-dotted accent-border-color\" style=\"width: 100%;border-top-width: 3px;\"><\/div>[\/vc_column][\/vc_row][vc_row type=\u00a0\u00bb1&Prime; padding_top=\u00a0\u00bb30&Prime; padding_bottom=\u00a0\u00bb30&Prime;][vc_column][vc_column_text]<\/p>\n<p style=\"text-align: center;\"><strong><span style=\"font-size: 28pt;\">Tableau de bord administrateur<\/span><\/strong><\/p>\n<p>[\/vc_column_text][vc_single_image image=\u00a0\u00bb10576&Prime; img_size=\u00a0\u00bbfull\u00a0\u00bb alignment=\u00a0\u00bbcenter\u00a0\u00bb onclick=\u00a0\u00bblink_image\u00a0\u00bb image_hovers=\u00a0\u00bbfalse\u00a0\u00bb]<div class=\"hr-thin style-dotted accent-border-color\" style=\"width: 100%;border-top-width: 3px;\"><\/div>[\/vc_column][\/vc_row][vc_row type=\u00a0\u00bb1&Prime; padding_top=\u00a0\u00bb30&Prime; padding_bottom=\u00a0\u00bb30&Prime;][vc_column][vc_column_text]<\/p>\n<p style=\"text-align: center;\"><strong><span style=\"font-size: 28pt;\">Gestion tr\u00e8s simple des joueurs&#8230;<\/span><\/strong><\/p>\n<p>[\/vc_column_text][vc_single_image image=\u00a0\u00bb10579&Prime; img_size=\u00a0\u00bbfull\u00a0\u00bb alignment=\u00a0\u00bbcenter\u00a0\u00bb onclick=\u00a0\u00bblink_image\u00a0\u00bb image_hovers=\u00a0\u00bbfalse\u00a0\u00bb]<div class=\"hr-thin style-dotted accent-border-color\" style=\"width: 100%;border-top-width: 3px;\"><\/div>[\/vc_column][\/vc_row][vc_row type=\u00a0\u00bb1&Prime; padding_top=\u00a0\u00bb30&Prime; padding_bottom=\u00a0\u00bb30&Prime;][vc_column][vc_column_text]<\/p>\n<p style=\"text-align: center;\"><strong><span style=\"font-size: 28pt;\">&#8230;des \u00e9quipes et classements<\/span><\/strong><\/p>\n<p>[\/vc_column_text][vc_single_image image=\u00a0\u00bb10580&Prime; img_size=\u00a0\u00bbfull\u00a0\u00bb alignment=\u00a0\u00bbcenter\u00a0\u00bb onclick=\u00a0\u00bblink_image\u00a0\u00bb image_hovers=\u00a0\u00bbfalse\u00a0\u00bb]<div class=\"hr-thin style-dotted accent-border-color\" style=\"width: 100%;border-top-width: 3px;\"><\/div>[\/vc_column][\/vc_row][vc_row type=\u00a0\u00bb1&Prime; padding_top=\u00a0\u00bb30&Prime; padding_bottom=\u00a0\u00bb30&Prime;][vc_column][vc_column_text]<\/p>\n<p style=\"text-align: center;\"><strong><span style=\"font-size: 28pt;\">Tableau de bord des rencontres<\/span><\/strong><\/p>\n<p>[\/vc_column_text][vc_single_image image=\u00a0\u00bb10581&Prime; img_size=\u00a0\u00bbfull\u00a0\u00bb alignment=\u00a0\u00bbcenter\u00a0\u00bb onclick=\u00a0\u00bblink_image\u00a0\u00bb image_hovers=\u00a0\u00bbfalse\u00a0\u00bb]<div class=\"hr-thin style-dotted accent-border-color\" style=\"width: 100%;border-top-width: 3px;\"><\/div>[\/vc_column][\/vc_row][vc_row type=\u00a0\u00bb1&Prime; padding_top=\u00a0\u00bb30&Prime; padding_bottom=\u00a0\u00bb30&Prime;][vc_column][vc_column_text]<\/p>\n<p style=\"text-align: center;\"><strong><span style=\"font-size: 28pt;\">Cr\u00e9er une rencontre inter-club<\/span><\/strong><\/p>\n<p>[\/vc_column_text][vc_single_image image=\u00a0\u00bb10584&Prime; img_size=\u00a0\u00bbfull\u00a0\u00bb alignment=\u00a0\u00bbcenter\u00a0\u00bb onclick=\u00a0\u00bblink_image\u00a0\u00bb image_hovers=\u00a0\u00bbfalse\u00a0\u00bb]<div class=\"hr-thin style-dotted accent-border-color\" style=\"width: 100%;border-top-width: 3px;\"><\/div>[\/vc_column][\/vc_row]<\/p>\n<\/div>","protected":false},"excerpt":{"rendered":"<p>[vc_row margin_top=\u00a0\u00bb-70px\u00a0\u00bb][vc_column][vc_single_image image=\u00a0\u00bb10568&Prime; img_size=\u00a0\u00bbfull\u00a0\u00bb alignment=\u00a0\u00bbcenter\u00a0\u00bb image_hovers=\u00a0\u00bbfalse\u00a0\u00bb][\/vc_column][\/vc_row][vc_row type=\u00a0\u00bb1&Prime; padding_top=\u00a0\u00bb30&Prime; padding_bottom=\u00a0\u00bb30&Prime;][vc_column][vc_column_text] Tennis Live Scores est un plugin pour votre site internet sous WordPress qui permet de proposer \u00e0 vos adh\u00e9rents, supporters, joueurs\u2026de suivre en direct les matchs de tennis de votre club. Particuli\u00e8rement \u00e9tudi\u00e9 pour suivre en direct les matchs de tennis par \u00e9quipes, Tennis Live Score&hellip;<\/p>\n","protected":false},"author":1,"featured_media":0,"parent":0,"menu_order":0,"comment_status":"closed","ping_status":"closed","template":"","meta":{"footnotes":""},"class_list":["post-2","page","type-page","status-publish","hentry","description-off"],"_links":{"self":[{"href":"https:\/\/demo.oxicat.com\/tennis-live-scores\/wp-json\/wp\/v2\/pages\/2","targetHints":{"allow":["GET"]}}],"collection":[{"href":"https:\/\/demo.oxicat.com\/tennis-live-scores\/wp-json\/wp\/v2\/pages"}],"about":[{"href":"https:\/\/demo.oxicat.com\/tennis-live-scores\/wp-json\/wp\/v2\/types\/page"}],"author":[{"embeddable":true,"href":"https:\/\/demo.oxicat.com\/tennis-live-scores\/wp-json\/wp\/v2\/users\/1"}],"replies":[{"embeddable":true,"href":"https:\/\/demo.oxicat.com\/tennis-live-scores\/wp-json\/wp\/v2\/comments?post=2"}],"version-history":[{"count":16,"href":"https:\/\/demo.oxicat.com\/tennis-live-scores\/wp-json\/wp\/v2\/pages\/2\/revisions"}],"predecessor-version":[{"id":10605,"href":"https:\/\/demo.oxicat.com\/tennis-live-scores\/wp-json\/wp\/v2\/pages\/2\/revisions\/10605"}],"wp:attachment":[{"href":"https:\/\/demo.oxicat.com\/tennis-live-scores\/wp-json\/wp\/v2\/media?parent=2"}],"curies":[{"name":"wp","href":"https:\/\/api.w.org\/{rel}","templated":true}]}}